{"id":2,"date":"2024-12-16T11:35:13","date_gmt":"2024-12-16T11:35:13","guid":{"rendered":"https:\/\/dm73405.domenomania.eu\/dm73405\/?page_id=2"},"modified":"2024-12-29T15:18:13","modified_gmt":"2024-12-29T15:18:13","slug":"sample-page","status":"publish","type":"page","link":"https:\/\/pujanek.pl\/","title":{"rendered":"Stepy akerma\u0144skie"},"content":{"rendered":"\n<p><strong>Adam Mickiewicz<\/strong>, Sonety Krymskie<\/p>\n\n\n\n<blockquote class=\"wp-block-quote is-layout-flow wp-block-quote-is-layout-flow\">\n<p>Wp\u0142yn\u0105\u0142em na suchego przestw\u00f3r oceanu, <br>W\u00f3z nurza si\u0119 w zielono\u015b\u0107 i jak \u0142\u00f3dka bro\u01f3i, <br>\u015ar\u00f3d fali \u0142\u0105k szumi\u0105cych, \u015br\u00f3d kwiat\u00f3w powo\u01f3i, <br>Omijam koralowe ostrowy burzanu.<\/p>\n\n\n\n<p>Ju\u017c mrok zapada, nig\u01f3ie drogi ni kurhanu; <br>Patrz\u0119 w niebo, gwiazd szukam przewodniczek \u0142o\u01f3i; <br>Tam z dala b\u0142yszczy ob\u0142ok? tam (utrzenka wscho\u01f3i? <br>To b\u0142yszczy Dniestr, to wesz\u0142a lampa Akermanu. <\/p>\n\n\n\n<p>St\u00f3jmy! \u2014 Jak cicho! \u2014 S\u0142ysz\u0119 ci\u0105gn\u0105ce \u017curawie, <br>Kt\u00f3rych by nie do\u015bcig\u0142y \u017arenice soko\u0142a; <br>S\u0142ysz\u0119, k\u0119dy si\u0119 motyl ko\u0142ysa na trawie, <\/p>\n\n\n\n<p>K\u0119dy w\u0105\u017c \u015blisk\u0105 piersi\u0105 dotyka si\u0119 zio\u0142a. <br>W takiej ciszy \u2014 tak ucho nat\u0119\u017cam ciekawie, <br>\u017be s\u0142ysza\u0142bym g\u0142os z Litwy. \u2014 Jed\u017amy, nikt nie wo\u0142a!<\/p>\n<\/blockquote>\n","protected":false},"excerpt":{"rendered":"<p>Adam Mickiewicz, Sonety Krymskie Wp\u0142yn\u0105\u0142em na suchego przestw\u00f3r oceanu, W\u00f3z nurza si\u0119 w zielono\u015b\u0107 i jak \u0142\u00f3dka bro\u01f3i, \u015ar\u00f3d fali \u0142\u0105k szumi\u0105cych, \u015br\u00f3d kwiat\u00f3w powo\u01f3i, Omijam koralowe ostrowy burzanu. Ju\u017c mrok zapada, nig\u01f3ie drogi ni kurhanu; Patrz\u0119 w niebo, gwiazd szukam przewodniczek \u0142o\u01f3i; Tam z dala b\u0142yszczy ob\u0142ok? tam (utrzenka wscho\u01f3i? To b\u0142yszczy Dniestr, to &#8230; <a title=\"Stepy akerma\u0144skie\" class=\"read-more\" href=\"https:\/\/pujanek.pl\/\" aria-label=\"Dowiedz si\u0119 wi\u0119cej o Stepy akerma\u0144skie\">Dowiedz si\u0119 wi\u0119cej<\/a><\/p>\n","protected":false},"author":1,"featured_media":0,"parent":0,"menu_order":0,"comment_status":"closed","ping_status":"open","template":"","meta":{"footnotes":""},"class_list":["post-2","page","type-page","status-publish"],"yoast_head":"<!-- This site is optimized with the Yoast SEO plugin v27.0 - https:\/\/yoast.com\/product\/yoast-seo-wordpress\/ -->\n<title>Stepy akerma\u0144skie - Nic tu nie ma :)<\/title>\n<meta name=\"robots\" content=\"noindex, follow, max-snippet:-1, max-image-preview:large, max-video-preview:-1\" \/>\n<meta property=\"og:locale\" content=\"pl_PL\" \/>\n<meta property=\"og:type\" content=\"article\" \/>\n<meta property=\"og:title\" content=\"Stepy akerma\u0144skie - Nic tu nie ma :)\" \/>\n<meta property=\"og:description\" content=\"Adam Mickiewicz, Sonety Krymskie Wp\u0142yn\u0105\u0142em na suchego przestw\u00f3r oceanu, W\u00f3z nurza si\u0119 w zielono\u015b\u0107 i jak \u0142\u00f3dka bro\u01f3i, \u015ar\u00f3d fali \u0142\u0105k szumi\u0105cych, \u015br\u00f3d kwiat\u00f3w powo\u01f3i, Omijam koralowe ostrowy burzanu. Ju\u017c mrok zapada, nig\u01f3ie drogi ni kurhanu; Patrz\u0119 w niebo, gwiazd szukam przewodniczek \u0142o\u01f3i; Tam z dala b\u0142yszczy ob\u0142ok? tam (utrzenka wscho\u01f3i? To b\u0142yszczy Dniestr, to ... Dowiedz si\u0119 wi\u0119cej\" \/>\n<meta property=\"og:url\" content=\"https:\/\/pujanek.pl\/\" \/>\n<meta property=\"og:site_name\" content=\"Nic tu nie ma :)\" \/>\n<meta property=\"article:modified_time\" content=\"2024-12-29T15:18:13+00:00\" \/>\n<meta name=\"twitter:card\" content=\"summary_large_image\" \/>\n<meta name=\"twitter:label1\" content=\"Szacowany czas czytania\" \/>\n\t<meta name=\"twitter:data1\" content=\"1 minuta\" \/>\n<script type=\"application\/ld+json\" class=\"yoast-schema-graph\">{\"@context\":\"https:\/\/schema.org\",\"@graph\":[{\"@type\":\"WebPage\",\"@id\":\"https:\/\/pujanek.pl\/\",\"url\":\"https:\/\/pujanek.pl\/\",\"name\":\"Stepy akerma\u0144skie - Nic tu nie ma :)\",\"isPartOf\":{\"@id\":\"https:\/\/pujanek.pl\/#website\"},\"datePublished\":\"2024-12-16T11:35:13+00:00\",\"dateModified\":\"2024-12-29T15:18:13+00:00\",\"breadcrumb\":{\"@id\":\"https:\/\/pujanek.pl\/#breadcrumb\"},\"inLanguage\":\"pl-PL\",\"potentialAction\":[{\"@type\":\"ReadAction\",\"target\":[\"https:\/\/pujanek.pl\/\"]}]},{\"@type\":\"BreadcrumbList\",\"@id\":\"https:\/\/pujanek.pl\/#breadcrumb\",\"itemListElement\":[{\"@type\":\"ListItem\",\"position\":1,\"name\":\"Strona g\u0142\u00f3wna\",\"item\":\"https:\/\/pujanek.pl\/\"},{\"@type\":\"ListItem\",\"position\":2,\"name\":\"Stepy akerma\u0144skie\"}]},{\"@type\":\"WebSite\",\"@id\":\"https:\/\/pujanek.pl\/#website\",\"url\":\"https:\/\/pujanek.pl\/\",\"name\":\"Nic tu nie ma :)\",\"description\":\"\",\"potentialAction\":[{\"@type\":\"SearchAction\",\"target\":{\"@type\":\"EntryPoint\",\"urlTemplate\":\"https:\/\/pujanek.pl\/?s={search_term_string}\"},\"query-input\":{\"@type\":\"PropertyValueSpecification\",\"valueRequired\":true,\"valueName\":\"search_term_string\"}}],\"inLanguage\":\"pl-PL\"}]}<\/script>\n<!-- \/ Yoast SEO plugin. -->","yoast_head_json":{"title":"Stepy akerma\u0144skie - Nic tu nie ma :)","robots":{"index":"noindex","follow":"follow","max-snippet":"max-snippet:-1","max-image-preview":"max-image-preview:large","max-video-preview":"max-video-preview:-1"},"og_locale":"pl_PL","og_type":"article","og_title":"Stepy akerma\u0144skie - Nic tu nie ma :)","og_description":"Adam Mickiewicz, Sonety Krymskie Wp\u0142yn\u0105\u0142em na suchego przestw\u00f3r oceanu, W\u00f3z nurza si\u0119 w zielono\u015b\u0107 i jak \u0142\u00f3dka bro\u01f3i, \u015ar\u00f3d fali \u0142\u0105k szumi\u0105cych, \u015br\u00f3d kwiat\u00f3w powo\u01f3i, Omijam koralowe ostrowy burzanu. Ju\u017c mrok zapada, nig\u01f3ie drogi ni kurhanu; Patrz\u0119 w niebo, gwiazd szukam przewodniczek \u0142o\u01f3i; Tam z dala b\u0142yszczy ob\u0142ok? tam (utrzenka wscho\u01f3i? To b\u0142yszczy Dniestr, to ... Dowiedz si\u0119 wi\u0119cej","og_url":"https:\/\/pujanek.pl\/","og_site_name":"Nic tu nie ma :)","article_modified_time":"2024-12-29T15:18:13+00:00","twitter_card":"summary_large_image","twitter_misc":{"Szacowany czas czytania":"1 minuta"},"schema":{"@context":"https:\/\/schema.org","@graph":[{"@type":"WebPage","@id":"https:\/\/pujanek.pl\/","url":"https:\/\/pujanek.pl\/","name":"Stepy akerma\u0144skie - Nic tu nie ma :)","isPartOf":{"@id":"https:\/\/pujanek.pl\/#website"},"datePublished":"2024-12-16T11:35:13+00:00","dateModified":"2024-12-29T15:18:13+00:00","breadcrumb":{"@id":"https:\/\/pujanek.pl\/#breadcrumb"},"inLanguage":"pl-PL","potentialAction":[{"@type":"ReadAction","target":["https:\/\/pujanek.pl\/"]}]},{"@type":"BreadcrumbList","@id":"https:\/\/pujanek.pl\/#breadcrumb","itemListElement":[{"@type":"ListItem","position":1,"name":"Strona g\u0142\u00f3wna","item":"https:\/\/pujanek.pl\/"},{"@type":"ListItem","position":2,"name":"Stepy akerma\u0144skie"}]},{"@type":"WebSite","@id":"https:\/\/pujanek.pl\/#website","url":"https:\/\/pujanek.pl\/","name":"Nic tu nie ma :)","description":"","potentialAction":[{"@type":"SearchAction","target":{"@type":"EntryPoint","urlTemplate":"https:\/\/pujanek.pl\/?s={search_term_string}"},"query-input":{"@type":"PropertyValueSpecification","valueRequired":true,"valueName":"search_term_string"}}],"inLanguage":"pl-PL"}]}},"_links":{"self":[{"href":"https:\/\/pujanek.pl\/index.php\/wp-json\/wp\/v2\/pages\/2","targetHints":{"allow":["GET"]}}],"collection":[{"href":"https:\/\/pujanek.pl\/index.php\/wp-json\/wp\/v2\/pages"}],"about":[{"href":"https:\/\/pujanek.pl\/index.php\/wp-json\/wp\/v2\/types\/page"}],"author":[{"embeddable":true,"href":"https:\/\/pujanek.pl\/index.php\/wp-json\/wp\/v2\/users\/1"}],"replies":[{"embeddable":true,"href":"https:\/\/pujanek.pl\/index.php\/wp-json\/wp\/v2\/comments?post=2"}],"version-history":[{"count":2,"href":"https:\/\/pujanek.pl\/index.php\/wp-json\/wp\/v2\/pages\/2\/revisions"}],"predecessor-version":[{"id":11,"href":"https:\/\/pujanek.pl\/index.php\/wp-json\/wp\/v2\/pages\/2\/revisions\/11"}],"wp:attachment":[{"href":"https:\/\/pujanek.pl\/index.php\/wp-json\/wp\/v2\/media?parent=2"}],"curies":[{"name":"wp","href":"https:\/\/api.w.org\/{rel}","templated":true}]}}